{"id":236,"date":"2022-11-15T14:19:07","date_gmt":"2022-11-15T17:19:07","guid":{"rendered":"https:\/\/conadev.com.ar\/web\/?page_id=236"},"modified":"2026-04-13T10:28:59","modified_gmt":"2026-04-13T13:28:59","slug":"actividades","status":"publish","type":"page","link":"https:\/\/conadev.com.ar\/web\/actividades\/","title":{"rendered":"Actividades"},"content":{"rendered":"<p>[et_pb_section fb_built=&#8221;1&#8243; custom_padding_last_edited=&#8221;on|desktop&#8221; admin_label=&#8221;Header&#8221; _builder_version=&#8221;4.14.7&#8243; use_background_color_gradient=&#8221;on&#8221; background_color_gradient_start=&#8221;rgba(0,79,140,0.34)&#8221; background_color_gradient_end=&#8221;rgba(0,56,94,0.75)&#8221; background_color_gradient_type=&#8221;radial&#8221; background_color_gradient_direction_radial=&#8221;top left&#8221; background_color_gradient_end_position=&#8221;50%&#8221; background_color_gradient_overlays_image=&#8221;on&#8221; background_image=&#8221;https:\/\/conadev.com.ar\/web\/wp-content\/uploads\/2022\/11\/integrantes.png&#8221; min_height=&#8221;330px&#8221; custom_padding=&#8221;10vh|0|0||false|false&#8221; custom_padding_tablet=&#8221;10vh||10vh||false&#8221; custom_padding_phone=&#8221;5vh||5vh||false&#8221; box_shadow_style=&#8221;preset7&#8243; box_shadow_horizontal=&#8221;0px&#8221; box_shadow_vertical=&#8221;-100px&#8221; box_shadow_color=&#8221;#ffffff&#8221; global_colors_info=&#8221;{}&#8221;][et_pb_row _builder_version=&#8221;3.25&#8243; global_colors_info=&#8221;{}&#8221;][et_pb_column type=&#8221;4_4&#8243; _builder_version=&#8221;3.25&#8243; custom_padding=&#8221;|||&#8221; global_colors_info=&#8221;{}&#8221; custom_padding__hover=&#8221;|||&#8221;][et_pb_text _builder_version=&#8221;4.14.7&#8243; text_font=&#8221;||||||||&#8221; ul_font=&#8221;||||||||&#8221; ol_font=&#8221;||||||||&#8221; header_font=&#8221;Vollkorn||||||||&#8221; header_font_size=&#8221;84px&#8221; header_letter_spacing=&#8221;1px&#8221; header_line_height=&#8221;1.2em&#8221; header_2_font=&#8221;Vollkorn||||||||&#8221; header_2_font_size=&#8221;44px&#8221; header_2_letter_spacing=&#8221;1px&#8221; header_2_line_height=&#8221;1.4em&#8221; header_3_font=&#8221;||||||||&#8221; header_4_font=&#8221;||||||||&#8221; header_5_font=&#8221;||||||||&#8221; header_6_font=&#8221;||||||||&#8221; background_layout=&#8221;dark&#8221; max_width=&#8221;800px&#8221; module_alignment=&#8221;left&#8221; custom_margin=&#8221;||20px|&#8221; animation_style=&#8221;slide&#8221; animation_direction=&#8221;left&#8221; animation_intensity_slide=&#8221;2%&#8221; header_font_size_tablet=&#8221;35px&#8221; header_font_size_phone=&#8221;30px&#8221; header_font_size_last_edited=&#8221;on|desktop&#8221; header_2_font_size_tablet=&#8221;35px&#8221; header_2_font_size_phone=&#8221;30px&#8221; header_2_font_size_last_edited=&#8221;on|desktop&#8221; global_colors_info=&#8221;{}&#8221;]<\/p>\n<h1>Actividades<\/h1>\n<p>[\/et_pb_text][\/et_pb_column][\/et_pb_row][\/et_pb_section][et_pb_section fb_built=&#8221;1&#8243; admin_label=&#8221;Obituaries&#8221; _builder_version=&#8221;4.14.7&#8243; custom_margin=&#8221;-110px||||false|false&#8221; saved_tabs=&#8221;all&#8221; global_colors_info=&#8221;{}&#8221;][et_pb_row _builder_version=&#8221;4.14.7&#8243; _module_preset=&#8221;default&#8221; global_colors_info=&#8221;{}&#8221;][et_pb_column type=&#8221;4_4&#8243; _builder_version=&#8221;4.14.7&#8243; _module_preset=&#8221;default&#8221; global_colors_info=&#8221;{}&#8221;][et_pb_text _builder_version=&#8221;4.14.7&#8243; _module_preset=&#8221;default&#8221; global_colors_info=&#8221;{}&#8221;]<\/p>\n<p style=\"text-align: left;\"><strong><img decoding=\"async\" loading=\"lazy\" src=\"https:\/\/conadev.com.ar\/web\/wp-content\/uploads\/2026\/02\/sommelier-1-200x300.jpeg\" width=\"200\" height=\"300\" alt=\"\" class=\"wp-image-1263 alignleft size-medium\" \/>Diplomatura de Sommelier de Carnes<\/strong><\/p>\n<p style=\"text-align: left;\">FCV UBA<\/p>\n<p style=\"text-align: left;\"><strong>+ INFO<\/strong>: <a href=\"mailto:cursos@fcv.uba.ar\">cursos@fcv.uba.ar<\/a><\/p>\n<p><strong><a href=\"https:\/\/forms.gle\/76jpi45Lsz2XNAME8\">Formulario de Inscripci\u00f3n<\/a><\/strong><\/p>\n<p>[\/et_pb_text][\/et_pb_column][\/et_pb_row][et_pb_row _builder_version=&#8221;4.14.7&#8243; _module_preset=&#8221;default&#8221; global_colors_info=&#8221;{}&#8221;][et_pb_column type=&#8221;4_4&#8243; _builder_version=&#8221;4.14.7&#8243; _module_preset=&#8221;default&#8221; global_colors_info=&#8221;{}&#8221;][et_pb_text _builder_version=&#8221;4.14.7&#8243; _module_preset=&#8221;default&#8221; global_colors_info=&#8221;{}&#8221;]<\/p>\n<p style=\"text-align: left;\"><strong><br \/><img decoding=\"async\" loading=\"lazy\" src=\"https:\/\/conadev.com.ar\/web\/wp-content\/uploads\/2026\/02\/WhatsApp-Image-2026-02-27-at-09.14.03-1-200x300.jpeg\" width=\"200\" height=\"300\" alt=\"\" class=\"wp-image-1267 alignleft size-medium\" \/><\/strong><strong>Especializaci\u00f3n en Docencia Universitaria para Ciencias Veterinarias Pecuarias y Biol\u00f3gicas<\/strong><\/p>\n<p style=\"text-align: left;\">FCV UBA<\/p>\n<p style=\"text-align: left;\"><strong>+ INFO<\/strong>: cedu@fcv.uba.ar<\/p>\n<p>[\/et_pb_text][\/et_pb_column][\/et_pb_row][et_pb_row _builder_version=&#8221;4.14.7&#8243; _module_preset=&#8221;default&#8221; global_colors_info=&#8221;{}&#8221;][et_pb_column type=&#8221;4_4&#8243; _builder_version=&#8221;4.14.7&#8243; _module_preset=&#8221;default&#8221; global_colors_info=&#8221;{}&#8221;][et_pb_text _builder_version=&#8221;4.14.7&#8243; _module_preset=&#8221;default&#8221; global_colors_info=&#8221;{}&#8221;]<\/p>\n<p style=\"text-align: left;\"><strong><br \/><\/strong><strong><img decoding=\"async\" loading=\"lazy\" src=\"https:\/\/conadev.com.ar\/web\/wp-content\/uploads\/2026\/03\/IA-para-vet-200x300.jpeg\" width=\"200\" height=\"300\" alt=\"\" class=\"wp-image-1292 alignleft size-medium\" \/>Diplomatura Universitaria Superior en Inteligencia Artificial Generativa para las Ciencias Veterinarias, Pecuarias y Biol\u00f3gicas.<\/strong><\/p>\n<p style=\"text-align: left;\">FCV UBA<\/p>\n<p style=\"text-align: left;\"><strong>+ INFO<\/strong>: difusionposgrado@fcv.uba.ar<\/p>\n<p>[\/et_pb_text][\/et_pb_column][\/et_pb_row][et_pb_row _builder_version=&#8221;4.14.7&#8243; _module_preset=&#8221;default&#8221; global_colors_info=&#8221;{}&#8221;][et_pb_column type=&#8221;4_4&#8243; _builder_version=&#8221;4.14.7&#8243; _module_preset=&#8221;default&#8221; global_colors_info=&#8221;{}&#8221;][et_pb_text _builder_version=&#8221;4.14.7&#8243; _module_preset=&#8221;default&#8221; global_colors_info=&#8221;{}&#8221;]<\/p>\n<p style=\"text-align: left;\"><strong><br \/><\/strong><strong><img decoding=\"async\" loading=\"lazy\" src=\"https:\/\/conadev.com.ar\/web\/wp-content\/uploads\/2026\/03\/Maestria-en-Gestion-al-Agua-200x300.jpeg\" width=\"200\" height=\"300\" alt=\"\" class=\"wp-image-1278 alignleft size-medium\" \/>Maestr\u00eda en Gesti\u00f3n del Agua<\/strong><\/p>\n<p style=\"text-align: left;\">FCV UBA<\/p>\n<p style=\"text-align: left;\"><strong>+ INFO<\/strong>: maestriagagua@fvet.uba.ar<\/p>\n<p>[\/et_pb_text][\/et_pb_column][\/et_pb_row][et_pb_row _builder_version=&#8221;4.14.7&#8243; _module_preset=&#8221;default&#8221; global_colors_info=&#8221;{}&#8221;][et_pb_column type=&#8221;4_4&#8243; _builder_version=&#8221;4.14.7&#8243; _module_preset=&#8221;default&#8221; global_colors_info=&#8221;{}&#8221;][et_pb_text _builder_version=&#8221;4.14.7&#8243; _module_preset=&#8221;default&#8221; global_colors_info=&#8221;{}&#8221;]<\/p>\n<p style=\"text-align: left;\"><strong><br \/><\/strong><strong><img decoding=\"async\" loading=\"lazy\" src=\"https:\/\/conadev.com.ar\/web\/wp-content\/uploads\/2026\/02\/WhatsApp-Image-2026-02-27-at-09.14.03-200x300.jpeg\" width=\"200\" height=\"300\" alt=\"\" class=\"wp-image-1269 alignleft size-medium\" \/>Especializaci\u00f3n en Inocuidad de los Agroalimentos<\/strong><\/p>\n<p style=\"text-align: left;\">FCV UBA<\/p>\n<p style=\"text-align: left;\"><strong>+ INFO<\/strong>: difusionposgrado@fvet.uba.ar<\/p>\n<p>[\/et_pb_text][\/et_pb_column][\/et_pb_row][et_pb_row _builder_version=&#8221;4.14.7&#8243; _module_preset=&#8221;default&#8221; global_colors_info=&#8221;{}&#8221;][et_pb_column type=&#8221;4_4&#8243; _builder_version=&#8221;4.14.7&#8243; _module_preset=&#8221;default&#8221; global_colors_info=&#8221;{}&#8221;][et_pb_text admin_label=&#8221;http:\/\/www.fvet.uba.ar\/sites\/default\/files\/archivos\/fcvcomunica\/Gacetilla.pdf&#8221; _builder_version=&#8221;4.14.7&#8243; _module_preset=&#8221;default&#8221; global_colors_info=&#8221;{}&#8221;]<\/p>\n<p style=\"text-align: left;\"><strong><img decoding=\"async\" loading=\"lazy\" src=\"https:\/\/conadev.com.ar\/web\/wp-content\/uploads\/2026\/03\/WhatsApp-Image-2026-03-13-at-15.22.10-2-1-200x300.jpeg\" width=\"200\" height=\"300\" alt=\"\" class=\"wp-image-1288 alignleft size-medium\" \/>VII Jornada <\/strong>de Ense\u00f1anza y Aprendizaje de las Ciencias Veterinarias<\/p>\n<p style=\"text-align: left;\"><a href=\"http:\/\/www.fvet.uba.ar\/sites\/default\/files\/archivos\/fcvcomunica\/Gacetilla.pdf\"><strong>+ INFO<\/strong><\/a><\/p>\n<p>[\/et_pb_text][\/et_pb_column][\/et_pb_row][\/et_pb_section]<\/p>\n","protected":false},"excerpt":{"rendered":"<p>ActividadesDiplomatura de Sommelier de Carnes FCV UBA + INFO: cursos@fcv.uba.ar Formulario de Inscripci\u00f3nEspecializaci\u00f3n en Docencia Universitaria para Ciencias Veterinarias Pecuarias y Biol\u00f3gicas FCV UBA + INFO: cedu@fcv.uba.arDiplomatura Universitaria Superior en Inteligencia Artificial Generativa para las Ciencias Veterinarias, Pecuarias y Biol\u00f3gicas. FCV UBA + INFO: difusionposgrado@fcv.uba.arMaestr\u00eda en Gesti\u00f3n del Agua FCV UBA + INFO: maestriagagua@fvet.uba.arEspecializaci\u00f3n en [&hellip;]<\/p>\n","protected":false},"author":1,"featured_media":0,"parent":0,"menu_order":0,"comment_status":"closed","ping_status":"closed","template":"","meta":{"_et_pb_use_builder":"on","_et_pb_old_content":"","_et_gb_content_width":""},"_links":{"self":[{"href":"https:\/\/conadev.com.ar\/web\/wp-json\/wp\/v2\/pages\/236"}],"collection":[{"href":"https:\/\/conadev.com.ar\/web\/wp-json\/wp\/v2\/pages"}],"about":[{"href":"https:\/\/conadev.com.ar\/web\/wp-json\/wp\/v2\/types\/page"}],"author":[{"embeddable":true,"href":"https:\/\/conadev.com.ar\/web\/wp-json\/wp\/v2\/users\/1"}],"replies":[{"embeddable":true,"href":"https:\/\/conadev.com.ar\/web\/wp-json\/wp\/v2\/comments?post=236"}],"version-history":[{"count":164,"href":"https:\/\/conadev.com.ar\/web\/wp-json\/wp\/v2\/pages\/236\/revisions"}],"predecessor-version":[{"id":1340,"href":"https:\/\/conadev.com.ar\/web\/wp-json\/wp\/v2\/pages\/236\/revisions\/1340"}],"wp:attachment":[{"href":"https:\/\/conadev.com.ar\/web\/wp-json\/wp\/v2\/media?parent=236"}],"curies":[{"name":"wp","href":"https:\/\/api.w.org\/{rel}","templated":true}]}}